{"id":91,"date":"2019-03-29T19:34:41","date_gmt":"2019-03-29T19:34:41","guid":{"rendered":"http:\/\/susanneunger.com\/?page_id=91"},"modified":"2020-01-24T05:57:02","modified_gmt":"2020-01-24T05:57:02","slug":"musik-fuer-schwangere","status":"publish","type":"page","link":"https:\/\/susanneunger.com\/?page_id=91","title":{"rendered":"Musik f\u00fcr Schwangere"},"content":{"rendered":"\n<h2 class=\"wp-block-heading\"><strong>Musik f\u00fcr Schwangere<\/strong><\/h2>\n\n\n\n<p>Entspannt in angenehmer und ungezwungener Atmosph\u00e4re und lauscht den sanften Melodien des Fl\u00fcgels.&nbsp; Ihr seid in diesem Kurs eingeladen, die Verbindung zu Eurem Baby durch das Musikh\u00f6ren zu vertiefen und es schon im Mutterleib mit dem wohltuenden Klang akustischer Musik zu umh\u00fcllen.&nbsp; Das Geh\u00f6r Eures Kindes ist bereits ab der&nbsp;20. Schwangerschaftswoche teilweise entwickelt. Der Klaviermusik zu horchen, regt so schon fr\u00fch seine Sinne an.<\/p>\n\n\n\n<p>Wir werden gemeinsam Schlaf- und Wiegenlieder erlernen, mit denen Ihr Euer Baby in der Zeit nach der Geburt erfreuen und beruhigen k\u00f6nnt. Zum leichten Aneignen der Liedtexte untermalen wir unser Singen mit Klanggesten und zarten Instrumenten wie Windspiel, Klangschalen und Kalimba.&nbsp; Vorkenntnisse sind nicht n\u00f6tig.<\/p>\n\n\n\n<div class=\"wp-block-button aligncenter\"><a class=\"wp-block-button__link has-background has-light-green-cyan-background-color no-border-radius\" href=\"https:\/\/susanneunger.com\/?page_id=26\">Schnupperstunde vereinbaren<br><\/a><\/div>\n\n\n\n<h2 class=\"wp-block-heading\">Kurstermine<\/h2>\n\n\n\n<ul class=\"wp-block-list\"><li><em><strong>Dienstag 11:00 &#8211; 11:45 Uhr<\/strong><\/em><\/li><li><em>8 Kurstermine \u00e0 45 min \/ 96,- \u20ac<\/em><\/li><\/ul>\n\n\n\n<p>Ort:&nbsp; Musik-Raum S\u00fcdvorstadt, Alfred-K\u00e4stner-Str.46, 04275 Leipzig<\/p>\n\n\n\n<ul class=\"wp-block-list\"><li><em><strong>Freitag 9:15 &#8211; 10:00 Uhr<\/strong><\/em><\/li><li><em>8 Kurstermine \u00e0 45 min \/ 96,- \u20ac<\/em><\/li><\/ul>\n\n\n\n<p>Ort:&nbsp; Familienzentrum &#8222;Linde&#8220; Plagwitz, Walter-Heinze-Str. 22\/HH, 04229 Leipzig<br><\/p>\n\n\n\n<p class=\"has-text-align-center\"><a href=\"http:\/\/babymusik-leipzig.de\">www.Babymusik-Leipzig.de<\/a><\/p>\n","protected":false},"excerpt":{"rendered":"<p>Musik f\u00fcr Schwangere Entspannt in angenehmer und ungezwungener Atmosph\u00e4re und lauscht den sanften Melodien des Fl\u00fcgels.&nbsp; Ihr seid in diesem Kurs eingeladen, die Verbindung zu Eurem Baby durch das Musikh\u00f6ren zu vertiefen und es schon im Mutterleib mit dem wohltuenden Klang akustischer Musik zu umh\u00fcllen.&nbsp; Das Geh\u00f6r Eures Kindes ist bereits ab der&nbsp;20. Schwangerschaftswoche teilweise [&hellip;]<\/p>\n","protected":false},"author":1,"featured_media":75,"parent":0,"menu_order":0,"comment_status":"closed","ping_status":"closed","template":"templates\/no-sidebar.php","meta":{"footnotes":""},"class_list":["post-91","page","type-page","status-publish","has-post-thumbnail","hentry"],"_links":{"self":[{"href":"https:\/\/susanneunger.com\/index.php?rest_route=\/wp\/v2\/pages\/91","targetHints":{"allow":["GET"]}}],"collection":[{"href":"https:\/\/susanneunger.com\/index.php?rest_route=\/wp\/v2\/pages"}],"about":[{"href":"https:\/\/susanneunger.com\/index.php?rest_route=\/wp\/v2\/types\/page"}],"author":[{"embeddable":true,"href":"https:\/\/susanneunger.com\/index.php?rest_route=\/wp\/v2\/users\/1"}],"replies":[{"embeddable":true,"href":"https:\/\/susanneunger.com\/index.php?rest_route=%2Fwp%2Fv2%2Fcomments&post=91"}],"version-history":[{"count":16,"href":"https:\/\/susanneunger.com\/index.php?rest_route=\/wp\/v2\/pages\/91\/revisions"}],"predecessor-version":[{"id":332,"href":"https:\/\/susanneunger.com\/index.php?rest_route=\/wp\/v2\/pages\/91\/revisions\/332"}],"wp:featuredmedia":[{"embeddable":true,"href":"https:\/\/susanneunger.com\/index.php?rest_route=\/wp\/v2\/media\/75"}],"wp:attachment":[{"href":"https:\/\/susanneunger.com\/index.php?rest_route=%2Fwp%2Fv2%2Fmedia&parent=91"}],"curies":[{"name":"wp","href":"https:\/\/api.w.org\/{rel}","templated":true}]}}