{"id":258,"date":"2019-07-14T18:32:50","date_gmt":"2019-07-14T18:32:50","guid":{"rendered":"http:\/\/susanneunger.com\/?page_id=258"},"modified":"2024-08-09T16:53:18","modified_gmt":"2024-08-09T16:53:18","slug":"gesangskurs","status":"publish","type":"page","link":"https:\/\/susanneunger.com\/?page_id=258","title":{"rendered":"Stimmen-Atelier"},"content":{"rendered":"\n<h2 class=\"wp-block-heading\"><strong>Die deutsche Aussprache im Kunstgesang I<\/strong><\/h2>\n\n\n\n<h3 class=\"wp-block-heading\"><strong>Ein Kompakt- Kurs f\u00fcr ausl\u00e4ndische S\u00e4nger<\/strong><\/h3>\n\n\n\n<div style=\"height:56px\" aria-hidden=\"true\" class=\"wp-block-spacer\"><\/div>\n\n\n\n<p>Der Kurs richtet sich an ausl\u00e4ndische Gesangsstudenten, an ausl\u00e4ndische Studienanw\u00e4rter f\u00fcr das Fach Gesang und an ausl\u00e4ndische S\u00e4nger, die bereits im Berufsleben stehen. In dem Kurs werden Basiselemente der deutschen Aussprache vermittelt und in \u00dcbungen trainiert. Sie lernen, wie Sie Ihre Aussprache beim Singen verbessern und die Textverst\u00e4ndlichkeit beim Gesangsvortrag erh\u00f6hen k\u00f6nnen. Jeder Kursteilnehmer erh\u00e4lt 30 Minuten Einzelunterricht zusammen mit einem Sprechcoach und einem Korrepetitor. Im Einzelunterricht wird individuell an der Aussprache im Lied oder in der Arie gearbeitet. Die Kursteilnehmer haben dabei die M\u00f6glichkeit, einander zuzuh\u00f6ren und voneinander zu lernen.&nbsp;<\/p>\n\n\n\n<p>Der Kompakt- Kurs findet an zwei aufeinanderfolgenden Tagen statt.<\/p>\n\n\n\n<p>Kursdaten<\/p>\n\n\n\n<ul class=\"wp-block-list\">\n<li>14. &#8211; 15. M\u00e4rz 2020<\/li>\n<\/ul>\n\n\n\n<p>Kursablauf <\/p>\n\n\n\n<p>Sonnabend:<\/p>\n\n\n\n<ul class=\"wp-block-list\">\n<li>9:30 &#8211; 12:30\u00a0Uhr Vorstellungsrunde &amp;\u00a0Basiselemente der deutschen Aussprache <\/li>\n<\/ul>\n\n\n\n<ul class=\"wp-block-list\">\n<li>15:00 &#8211; 18:00\u00a0Uhr Einzelunterricht<\/li>\n<\/ul>\n\n\n\n<p>Sonntag:<\/p>\n\n\n\n<ul class=\"wp-block-list\">\n<li>10:00 &#8211; 12:30 Uhr Basiselemente der deutschen Aussprache und Besonderheiten im Kunstgesang <\/li>\n<\/ul>\n\n\n\n<ul class=\"wp-block-list\">\n<li>15:00 &#8211; 19:00\u00a0Uhr Einzelunterricht &amp; Abschlussrunde<\/li>\n<\/ul>\n\n\n\n<p>Kursgeb\u00fchr<\/p>\n\n\n\n<ul class=\"wp-block-list\">\n<li>120 Euro\u00a0<\/li>\n<\/ul>\n\n\n\n<ul class=\"wp-block-list\">\n<li>99 Euro\u00a0(Studenten und Fr\u00fchbucher*)<\/li>\n<\/ul>\n\n\n\n<p>Kursleiterinnen<\/p>\n\n\n\n<ul class=\"wp-block-list\">\n<li>Kathleen Gutsche\u00a0(<em>Diplom Sprechwissenschaftlerin, Diplom Gesang\/Gesangsp\u00e4dagogin<\/em>)<\/li>\n<\/ul>\n\n\n<div class=\"wp-block-image\">\n<figure class=\"aligncenter\"><img loading=\"lazy\" decoding=\"async\" width=\"150\" height=\"150\" src=\"https:\/\/susanneunger.com\/wp-content\/uploads\/2019\/07\/Foto-Kathleen-Gutsche-150x150.jpg\" alt=\"\" class=\"wp-image-281\"\/><\/figure>\n<\/div>\n\n\n<ul class=\"wp-block-list\">\n<li> Susanne Unger (<em>Diplom Pianistin, Diplom Korrepetitorin<\/em>)<\/li>\n<\/ul>\n\n\n\n<p>Kontakt<\/p>\n\n\n\n<p><em>Kathleen Gutsche<\/em> <br><em><a href=\"StimmenAtelier@gmx.de\">StimmenAtelier@gmx.de<\/a><\/em><\/p>\n\n\n\n<p>Kursort<\/p>\n\n\n\n<p>Musik &amp; Stimmen &#8211; Atelier<br>Susanne Unger <br>Alfred-K\u00e4stner-Str.46<br>04275 Leipzig<\/p>\n\n\n\n<p>Bitte geben Sie bei der Anmeldung Ihre Muttersprache an. Grundkenntnisse der deutschen Sprache werden als Kursvoraussetzung empfohlen. Die Kurssprache ist Deutsch. Bitte w\u00e4hlen Sie f\u00fcr das Einzelcoaching ein bis zwei deutschsprachige Lieder oder Arien aus (Spieldauer maximal 5 Minuten).&nbsp; \u00dcbersenden Sie die Noten m\u00f6glichst drei Wochen vor Kursbeginn.<\/p>\n\n\n\n<p>Die Teilnehmerzahl ist auf 10 Personen begrenzt<\/p>\n\n\n\n<p>* Der Fr\u00fcbucherrabatt gilt, wenn der Kurs mindestens vier Wochen vor Kursbeginn verbindlich gebucht wird.<br><\/p>\n","protected":false},"excerpt":{"rendered":"<p>Die deutsche Aussprache im Kunstgesang I Ein Kompakt- Kurs f\u00fcr ausl\u00e4ndische S\u00e4nger Der Kurs richtet sich an ausl\u00e4ndische Gesangsstudenten, an ausl\u00e4ndische Studienanw\u00e4rter f\u00fcr das Fach Gesang und an ausl\u00e4ndische S\u00e4nger, die bereits im Berufsleben stehen. In dem Kurs werden Basiselemente der deutschen Aussprache vermittelt und in \u00dcbungen trainiert. Sie lernen, wie Sie Ihre Aussprache beim [&hellip;]<\/p>\n","protected":false},"author":1,"featured_media":0,"parent":0,"menu_order":0,"comment_status":"closed","ping_status":"closed","template":"","meta":{"footnotes":""},"class_list":["post-258","page","type-page","status-publish","hentry"],"_links":{"self":[{"href":"https:\/\/susanneunger.com\/index.php?rest_route=\/wp\/v2\/pages\/258","targetHints":{"allow":["GET"]}}],"collection":[{"href":"https:\/\/susanneunger.com\/index.php?rest_route=\/wp\/v2\/pages"}],"about":[{"href":"https:\/\/susanneunger.com\/index.php?rest_route=\/wp\/v2\/types\/page"}],"author":[{"embeddable":true,"href":"https:\/\/susanneunger.com\/index.php?rest_route=\/wp\/v2\/users\/1"}],"replies":[{"embeddable":true,"href":"https:\/\/susanneunger.com\/index.php?rest_route=%2Fwp%2Fv2%2Fcomments&post=258"}],"version-history":[{"count":33,"href":"https:\/\/susanneunger.com\/index.php?rest_route=\/wp\/v2\/pages\/258\/revisions"}],"predecessor-version":[{"id":334,"href":"https:\/\/susanneunger.com\/index.php?rest_route=\/wp\/v2\/pages\/258\/revisions\/334"}],"wp:attachment":[{"href":"https:\/\/susanneunger.com\/index.php?rest_route=%2Fwp%2Fv2%2Fmedia&parent=258"}],"curies":[{"name":"wp","href":"https:\/\/api.w.org\/{rel}","templated":true}]}}