{"id":23,"date":"2019-03-29T10:03:27","date_gmt":"2019-03-29T10:03:27","guid":{"rendered":"http:\/\/susanneunger.com\/?page_id=23"},"modified":"2019-05-02T20:28:41","modified_gmt":"2019-05-02T20:28:41","slug":"biografie","status":"publish","type":"page","link":"https:\/\/susanneunger.com\/?page_id=23","title":{"rendered":"Biografie"},"content":{"rendered":"<p>Diplom Pianistin<\/p>\n<p>Diplom Korrepetitorin\/ Kammermusik<\/p>\n<p>Diplom Musikp\u00e4dagogin f\u00fcr Klavier<\/p>\n<p>Abschluss Studiengang Improvisation<\/p>\n<p>Abschluss Studiengang Musiklehre\/ H\u00f6rerziehung<\/p>\n<p>Abschluss Studiengang Elementare Musikp\u00e4dagogik<\/p>\n<p>\u00a0<\/p>\n<p>Susanne Unger Lohse, in Halle geboren, lebt und arbeitet als freischaffende Pianistin in Leipzig.\u00a0 Sie studierte an der hiesigen Hochschule f\u00fcr Musik und Theater Felix Mendelssohn Bartholdy.\u00a0 Nach ihrem Diplom f\u00fcr Kammermusik und Korrepetition bei Prof. Gudrun Franke im Jahre 2006 erwarb sie drei zus\u00e4tzliche Abschl\u00fcsse in den Studieng\u00e4ngen Improvisation (Tilo Augsten), Musiklehre\/ H\u00f6rerziehung (Prof. Ipke Starke) und Elementare Musikp\u00e4dagogik (Prof. Johanna Metz).\u00a0 2008 erhielt sie das Diplom Pianist (Prof. Gudrun Franke) und Diplom Musikp\u00e4dagoge f\u00fcr Klavier (Prof. Ines Mainz).<\/p>\n<p>Ihr besonderes Interesse gilt der Interdisziplinarit\u00e4t und Wechselwirkung\u00a0 unterschiedlicher K\u00fcnste und Stilistiken. Sie arbeitet in zahlreichen Projekten mit T\u00e4nzern, Schauspielern und Bildenden K\u00fcnstlern. Dabei liegt ihr Schwerpunkt im Bereich des Tangos und der Improvisation.<\/p>\n<p>Susanne Unger besuchte Meisterkurse u.a. bei Eckard Heiligers (Trio Jean Paul) und Rudolf Kratzert und nahm Klavierunterricht bei Prof. Marco Antonio de Almeida und Prof. Wolfgang Zill.<\/p>\n<p>Durch ihre rege B\u00fchnent\u00e4tigkeit ist sie nicht nur als Mitwirkende der Leipziger Mendelssohn- und Chopin-Tage, Tanz-Korrepetitorin bei den &#8222;Movimentos&#8220; Festwochen in Wolfsburg, in Livemitschnitten des MDR sowie als Solopianistin des Tangoorchesters &#8222;Abriendo y Cerrando&#8220;, sondern auch in zahlreichen Solokonzerten zu erleben. Mit dem Klaviertrio &#8222;mir\u00e1!&#8220; konnte sie durch die Auff\u00fchrung von Beethovens Tripelkonzert begleitet vom Orchester der Universit\u00e4t Witten-Herdecke unter UMD Ernst Reihl auf sich aufmerksam machen. Recitals mit Kammermusikensembles und S\u00e4ngern f\u00fchrten Susanne Unger nach Skandinavien, Russland, in die USA und Deutschland (u.a.Tr\u00e4nenpalast Berlin, Theater Wittenberg, Theater Vorpommern, B\u00fchnen Halle, Schumannhaus Leipzig, Mendelssohnhaus sowie Konzertreihen am Niederrhein).<\/p>\n<p>\u00a0<\/p>\n\n\n<p><\/p>\n\n\n\n<p><\/p>\n\n\n\n<p><\/p>\n\n\n\n<p><\/p>\n\n\n\n<p><\/p>\n\n\n\n<p><\/p>\n\n\n\n<p><\/p>\n\n\n\n<p><\/p>\n\n\n\n<p><\/p>\n\n\n\n<p><\/p>\n\n\n\n<p><\/p>\n\n\n\n<p><\/p>\n\n\n\n<p><\/p>\n\n\n\n<p><\/p>\n\n\n\n<p><\/p>\n\n\n\n<p><\/p>\n\n\n\n<p><\/p>\n\n\n\n<p><\/p>\n\n\n\n<p><\/p>\n\n\n\n<p><\/p>\n\n\n\n<p><\/p>\n\n\n\n<p><\/p>\n\n\n\n<p><\/p>\n\n\n\n<p><\/p>\n\n\n\n<p><\/p>\n\n\n\n<p><\/p>\n\n\n\n<p><\/p>\n\n\n\n<p><br><\/p>\n","protected":false},"excerpt":{"rendered":"<p>Diplom Pianistin Diplom Korrepetitorin\/ Kammermusik Diplom Musikp\u00e4dagogin f\u00fcr Klavier Abschluss Studiengang Improvisation Abschluss Studiengang Musiklehre\/ H\u00f6rerziehung Abschluss Studiengang Elementare Musikp\u00e4dagogik \u00a0 Susanne Unger Lohse, in Halle geboren, lebt und arbeitet als freischaffende Pianistin in Leipzig.\u00a0 Sie studierte an der hiesigen Hochschule f\u00fcr Musik und Theater Felix Mendelssohn Bartholdy.\u00a0 Nach ihrem Diplom f\u00fcr Kammermusik und Korrepetition [&hellip;]<\/p>\n","protected":false},"author":1,"featured_media":0,"parent":0,"menu_order":0,"comment_status":"closed","ping_status":"closed","template":"templates\/no-sidebar.php","meta":{"footnotes":""},"class_list":["post-23","page","type-page","status-publish","hentry"],"_links":{"self":[{"href":"https:\/\/susanneunger.com\/index.php?rest_route=\/wp\/v2\/pages\/23","targetHints":{"allow":["GET"]}}],"collection":[{"href":"https:\/\/susanneunger.com\/index.php?rest_route=\/wp\/v2\/pages"}],"about":[{"href":"https:\/\/susanneunger.com\/index.php?rest_route=\/wp\/v2\/types\/page"}],"author":[{"embeddable":true,"href":"https:\/\/susanneunger.com\/index.php?rest_route=\/wp\/v2\/users\/1"}],"replies":[{"embeddable":true,"href":"https:\/\/susanneunger.com\/index.php?rest_route=%2Fwp%2Fv2%2Fcomments&post=23"}],"version-history":[{"count":7,"href":"https:\/\/susanneunger.com\/index.php?rest_route=\/wp\/v2\/pages\/23\/revisions"}],"predecessor-version":[{"id":201,"href":"https:\/\/susanneunger.com\/index.php?rest_route=\/wp\/v2\/pages\/23\/revisions\/201"}],"wp:attachment":[{"href":"https:\/\/susanneunger.com\/index.php?rest_route=%2Fwp%2Fv2%2Fmedia&parent=23"}],"curies":[{"name":"wp","href":"https:\/\/api.w.org\/{rel}","templated":true}]}}